{"id":11,"date":"2016-09-25T16:32:23","date_gmt":"2016-09-25T13:32:23","guid":{"rendered":"http:\/\/residenceambient.hotelsperformance.net\/?page_id=11"},"modified":"2023-08-30T02:44:00","modified_gmt":"2023-08-29T23:44:00","slug":"hotel-services","status":"publish","type":"page","link":"https:\/\/vila.vilaambient.ro\/en\/hotel-services\/","title":{"rendered":"Services"},"content":{"rendered":"<p>[vc_row disable_element=&#8221;yes&#8221; position=&#8221;right center&#8221; css=&#8221;.vc_custom_1475179770387{background-image: url(https:\/\/vila.vilaambient.ro\/wp-content\/uploads\/2016\/09\/Detallev002.png?id=247) !important;background-position: 0 0 !important;background-repeat: no-repeat !important;}&#8221; el_class=&#8221;background-none-mobile&#8221;][vc_column width=&#8221;1\/2&#8243;][vc_column_text]<\/p>\n<h3 style=\"text-align: center;\"><span style=\"color: #542f00;\">Five star hotel services with the cozy and intimate feel of your private chalet.<\/span><\/h3>\n<p style=\"text-align: center;\"><strong>Everything you desire, for a memorable vacation!<\/strong><\/p>\n<p style=\"text-align: center;\">We are conveniently located in the center of Cristian, one of the best preserved Saxon villages in Romania, at the foot of Postavaru Massif and just a short 10 minute walk from the forest. You have the whole domain and it\u2019s facilities at your disposal and we are here for everything else.<\/p>\n<p style=\"text-align: center;\">For those lazy vacation mornings we can take care of the breakfast for you \u2013 either in our beautiful restaurant next door or catered to your kitchen so you can enjoy it in your PJs.<\/p>\n<p style=\"text-align: center;\">For long days in the outdoors we can call up a relaxing massage to properly end the day, it works great after an hour of pool &amp; sauna.<\/p>\n<p style=\"text-align: center;\">Looking for ideas? We have partners that organize any type of trip you might wish \u2013 ATVs, bikes, E-bikes, walking, trekking, historical tours, yoga sessions, you name it.<\/p>\n<p style=\"text-align: center;\">And if your days with us involve more serious teambuilding moments, the huge dining room can be easily transformed into a fully equipped meeting room.<\/p>\n<p style=\"text-align: center;\">You just tell us what you need.<\/p>\n<p>[\/vc_column_text][\/vc_column][\/vc_row][vc_row css=&#8221;.vc_custom_1521717161948{margin-top: -70px !important;margin-bottom: -200px !important;}&#8221;][vc_column][vc_separator color=&#8221;custom&#8221; border_width=&#8221;2&#8243; accent_color=&#8221;#542f00&#8243; css=&#8221;.vc_custom_1475179844237{margin-top: -60px !important;}&#8221;][\/vc_column][\/vc_row][vc_row css=&#8221;.vc_custom_1472757205101{margin-top: 20px !important;margin-bottom: -190px !important;}&#8221;][vc_column][vc_column_text css=&#8221;.vc_custom_1475598441864{margin-bottom: 90px !important;}&#8221;]<\/p>\n<h3 style=\"text-align: center;\"><span style=\"color: #542f00;\">SERVICIILE NOASTRE:<\/span><\/h3>\n<p>[\/vc_column_text][\/vc_column][\/vc_row][vc_row css=&#8221;.vc_custom_1471688720079{margin-top: -90px !important;background-color: #ffffff !important;}&#8221; el_class=&#8221;content-padding-mobile-none&#8221;][vc_column css=&#8221;.vc_custom_1471769835500{background-color: #ffffff !important;}&#8221;]<div class='services-carousel  owl-with-navigation' data-owl-items='4' data-owl-nav='false' data-owl-nav-text='[]' data-owl-loop='true' data-owl-autoplay='true' data-owl-speed='15000' data-owl-hover='false' data-owl-mobile='1' data-owl-tablet='2' data-owl-dots='true'><div class='item'><a href=\"https:\/\/vila.vilaambient.ro\/hotel-services\/massage\/\" target=\"_self\" class=\"link-image\" title=\"Masaj de Relaxare\"><img loading=\"lazy\" decoding=\"async\" width=\"450\" height=\"300\" src=\"https:\/\/vila.vilaambient.ro\/wp-content\/uploads\/2016\/09\/Masajev001.jpg\" class=\"attachment-large size-large\" alt=\"\" srcset=\"https:\/\/vila.vilaambient.ro\/wp-content\/uploads\/2016\/09\/Masajev001.jpg 450w, https:\/\/vila.vilaambient.ro\/wp-content\/uploads\/2016\/09\/Masajev001-300x200.jpg 300w\" sizes=\"auto, (max-width: 450px) 100vw, 450px\" \/><\/a><div class=\"item-content\"><h4><a href=\"https:\/\/vila.vilaambient.ro\/hotel-services\/massage\/\" target=\"_self\">Masaj de Relaxare<\/a><\/h4><p>Ingredientul ideal pentru o experien\u0163\u0103 de bun\u0103stare<\/p><\/div><\/div><div class='item'><a href=\"\/hotel-services\/mic-dejun\/\" target=\"_self\" class=\"link-image\" title=\"Mic Dejun\"><img loading=\"lazy\" decoding=\"async\" width=\"450\" height=\"300\" src=\"https:\/\/vila.vilaambient.ro\/wp-content\/uploads\/2016\/09\/Breakfastv001.jpg\" class=\"attachment-large size-large\" alt=\"\" srcset=\"https:\/\/vila.vilaambient.ro\/wp-content\/uploads\/2016\/09\/Breakfastv001.jpg 450w, https:\/\/vila.vilaambient.ro\/wp-content\/uploads\/2016\/09\/Breakfastv001-300x200.jpg 300w\" sizes=\"auto, (max-width: 450px) 100vw, 450px\" \/><\/a><div class=\"item-content\"><h4><a href=\"\/hotel-services\/mic-dejun\/\" target=\"_self\">Mic Dejun<\/a><\/h4><p>Locul \u00een care exist\u0103 preparatele cele mai delicioase<\/p><\/div><\/div><div class='item'><a href=\"\/hotel-services\/transfers-excursions\/\" target=\"_self\" class=\"link-image\" title=\"Transferuri &amp; Excursii\"><img loading=\"lazy\" decoding=\"async\" width=\"450\" height=\"300\" src=\"https:\/\/vila.vilaambient.ro\/wp-content\/uploads\/2016\/09\/Excursions.jpg\" class=\"attachment-large size-large\" alt=\"\" srcset=\"https:\/\/vila.vilaambient.ro\/wp-content\/uploads\/2016\/09\/Excursions.jpg 450w, https:\/\/vila.vilaambient.ro\/wp-content\/uploads\/2016\/09\/Excursions-300x200.jpg 300w\" sizes=\"auto, (max-width: 450px) 100vw, 450px\" \/><\/a><div class=\"item-content\"><h4><a href=\"\/hotel-services\/transfers-excursions\/\" target=\"_self\">Transferuri &amp; Excursii<\/a><\/h4><p>Transport confortabil, eficient \u0219i rapid, cu un singur click<\/p><\/div><\/div><div class='item'><a href=\"\/hotel-services\/conference-hall\/\" target=\"_self\" class=\"link-image\" title=\"Sala de Conferin\u021be\"><img loading=\"lazy\" decoding=\"async\" width=\"750\" height=\"499\" src=\"https:\/\/vila.vilaambient.ro\/wp-content\/uploads\/2022\/06\/villa_ambient_dining_1-1.jpg\" class=\"attachment-large size-large\" alt=\"\" srcset=\"https:\/\/vila.vilaambient.ro\/wp-content\/uploads\/2022\/06\/villa_ambient_dining_1-1.jpg 1024w, https:\/\/vila.vilaambient.ro\/wp-content\/uploads\/2022\/06\/villa_ambient_dining_1-1-300x200.jpg 300w, https:\/\/vila.vilaambient.ro\/wp-content\/uploads\/2022\/06\/villa_ambient_dining_1-1-768x511.jpg 768w\" sizes=\"auto, (max-width: 750px) 100vw, 750px\" \/><\/a><div class=\"item-content\"><h4><a href=\"\/hotel-services\/conference-hall\/\" target=\"_self\">Sala de Conferin\u021be<\/a><\/h4><p>Un spa\u021biu confortabil cu un mare poten\u021bial<\/p><\/div><\/div><\/div>[\/vc_column][\/vc_row][vc_row css=&#8221;.vc_custom_1521717473914{margin-top: -110px !important;margin-bottom: -200px !important;}&#8221;][vc_column][vc_separator color=&#8221;custom&#8221; border_width=&#8221;2&#8243; accent_color=&#8221;#542f00&#8243; css=&#8221;.vc_custom_1475179844237{margin-top: -60px !important;}&#8221;][\/vc_column][\/vc_row][vc_row full_width=&#8221;stretch_row&#8221; parallax_layers=&#8221;yes&#8221; style_images=&#8221;yes&#8221; el_class=&#8221;content-padding-mobile-none&#8221; css=&#8221;.vc_custom_1475184261798{margin-bottom: -80px !important;background-image: url(https:\/\/vila.vilaambient.ro\/wp-content\/uploads\/2016\/09\/OpinonsBackv002.jpg?id=261) !important;background-position: center !important;background-repeat: no-repeat !important;background-size: cover !important;}&#8221; layer_1=&#8221;6978&#8243; layer_1_vertical=&#8221;top: 9%&#8221; layer_1_horizontal=&#8221;left: 8%&#8221; layer_1_ratio=&#8221;0.8&#8243; layer_1_z=&#8221;0.222&#8243;][vc_column width=&#8221;2\/3&#8243; offset=&#8221;vc_col-sm-offset-2&#8243; el_class=&#8221;text-center white-box content-padding&#8221; css=&#8221;.vc_custom_1471773706488{background-color: rgba(255,255,255,0) !important;*background-color: rgb(255,255,255) !important;}&#8221;]<h2 class=\"text-center\"><small>Se spune despre noi\u2026<\/small>RECENZII TRIP ADVISOR<\/h2><div class='testimonials-carousel  owl-with-navigation' data-owl-items='3' data-owl-nav='false' data-owl-nav-text='[]' data-owl-loop='true' data-owl-autoplay='true' data-owl-speed='5000' data-owl-hover='true' data-owl-mobile='1' data-owl-tablet='2' data-owl-dots='true'><div class='testimonial'><h4 class='testimonial-title'>Noora K<small>14 jul 2016<\/small><\/h4><p>Place was pretty easy to find and pretty near to the city center. Staff very friendly and helpful. Rooms beautiful but not so clean, carpet filthy and someone elses dirty towel in our bathroom. Cooking area very nice and modern... Great wiev while cooking...<\/p><a href='https:\/\/www.tripadvisor.co.uk\/ShowUserReviews-g295394-d1572559-r392642065-Residence_Ambient-Brasov_Brasov_County_Central_Romania_Transylvania.html' class='btn-inline btn' target=\"_blank\">Cite\u015fte opinie<\/a><\/div><div class='testimonial'><h4 class='testimonial-title'>radupavely<small>4 may 2016<\/small><\/h4><p>It's a beautiful building, located near the center, renovated and nicely furnished, clean room, large bathroom, large bed, beautiful furniture, and the staff was very helpful. We will definitely return and we recommend this place to others.<\/p><a href='https:\/\/www.tripadvisor.co.uk\/ShowUserReviews-g295394-d1572559-r370063440-Residence_Ambient-Brasov_Brasov_County_Central_Romania_Transylvania.html' class='btn-inline btn' target=\"_blank\">Cite\u015fte opinie<\/a><\/div><div class='testimonial'><h4 class='testimonial-title'>GUESStheGUEST<small>18 mar 2016<\/small><\/h4><p>Car park had cctv and automated gates so was safe. Breakfast was at the hotel where check in was, and was 6\u20ac and there was a good selection. Hotel was quiet and clean although seemed a bit dated. Some of the rooms were a bit basis but the bathrooms were good. All of the staff I encountered were helpful and friendly.<\/p><a href='https:\/\/www.tripadvisor.co.uk\/ShowUserReviews-g295394-d1572559-r356556359-Residence_Ambient-Brasov_Brasov_County_Central_Romania_Transylvania.html' class='btn-inline btn' target=\"_blank\">Cite\u015fte opinie<\/a><\/div><div class='testimonial'><h4 class='testimonial-title'>mishu1964<small>3 ene 2016<\/small><\/h4><p>We were there at the begining of november and I can say it was pleasant. We had our rooms ( one room and one apartment because we were 5) at second floor near the kitchen and it was quite ok because we had our breakfast there. Also there is a bigger place at I can say third floor, like a dining room with open space as kitchen.<\/p><a href='https:\/\/www.tripadvisor.co.uk\/ShowUserReviews-g295394-d1572559-r336874694-Residence_Ambient-Brasov_Brasov_County_Central_Romania_Transylvania.html' class='btn-inline btn' target=\"_blank\">Cite\u015fte opinie<\/a><\/div><div class='testimonial'><h4 class='testimonial-title'>Constantin F<small>30 dic 2015<\/small><\/h4><p>``Clean, spacious and well located``... ... The room was huge with plenty of spaces to deposit your personal belongings. In the room there were 2 coffee tables, 2 armchairs a cupboard and 2 wardrobes...<\/p><a href='https:\/\/www.tripadvisor.co.uk\/ShowUserReviews-g295394-d1572559-r336136264-Residence_Ambient-Brasov_Brasov_County_Central_Romania_Transylvania.html' class='btn-inline btn' target=\"_blank\">Cite\u015fte opinie<\/a><\/div><div class='testimonial'><h4 class='testimonial-title'>Antonis V<small>6 ene 2014<\/small><\/h4><p>Great room, great prices and great hospitality! A smart choice! The residence was very close to the centre, the room very clean and with nice design. It worths every single euro. I definitely recommend.<\/p><a href='https:\/\/www.tripadvisor.co.uk\/ShowUserReviews-g295394-d1572559-r336136264-Residence_Ambient-Brasov_Brasov_County_Central_Romania_Transylvania.html' class='btn-inline btn' target=\"_blank\">Cite\u015fte opinie<\/a><\/div><div class='testimonial'><h4 class='testimonial-title'>Luk\u00e1\u0161 K<small>2 jun 2014<\/small><\/h4><p>I visited this place with my friends in August 2013 and we were really satisfied. Maybe there are huge differences in room quality but there wasn't single thing we could complain about during our three-night stay, especially considering the price.<\/p><a href='https:\/\/www.tripadvisor.co.uk\/ShowUserReviews-g295394-d1572559-r208510540-Residence_Ambient-Brasov_Brasov_County_Central_Romania_Transylvania.html' class='btn-inline btn' target=\"_blank\">Cite\u015fte opinie<\/a><\/div><div class='testimonial'><h4 class='testimonial-title'>Diana_Sv_Y<small>10 abr 2013<\/small><\/h4><p>A very nice hotel, clean and spacious rooms. Very kind and helpful staff! We visited in cold weather - inside was perfectly warm. Hotel is situated near the center, some nice restaurants on the corner.<\/p><a href='https:\/\/www.tripadvisor.co.uk\/ShowUserReviews-g295394-d1572559-r157351150-Residence_Ambient-Brasov_Brasov_County_Central_Romania_Transylvania.html' class='btn-inline btn' target=\"_blank\">Cite\u015fte opinie<\/a><\/div><\/div>[\/vc_column][\/vc_row][vc_row css=&#8221;.vc_custom_1476024545917{margin-top: 60px !important;margin-bottom: 30px !important;}&#8221;][vc_column]<h2 class=\"text-center\"><small>Recenzii colectate \u00een<\/small>Cartea de oaspe\u0163i<\/h2><div class='testimonials-carousel  owl-with-navigation' data-owl-items='4' data-owl-nav='false' data-owl-nav-text='[]' data-owl-loop='true' data-owl-autoplay='true' data-owl-speed='5000' data-owl-hover='true' data-owl-mobile='1' data-owl-tablet='2' data-owl-dots='true'><div class='testimonial'><h4 class='testimonial-title'>Nora K.<\/h4><p>``Place was pretty easy to find and pretty near to the city center.<br \/>\nStaff very friendly and helpful``<\/p><\/div><div class='testimonial'><h4 class='testimonial-title'>Radu Paveli<\/h4><p>``It's a beautiful building, located near the center, renovated and nicely furnished,<br \/>\nclean room, large bathroom, large bed, beautiful furniture, and the staff was very helpful. We will definitely return and we recommend this place to others``<\/p><\/div><div class='testimonial'><h4 class='testimonial-title'>Constantin F.<\/h4><p>``The building is well positioned, with plenty of parking spots in front. In approximately 10 minutes of walking you can reach the city center's main square.<br \/>\nThe room was huge with plenty of spaces to deposit your personal belongings. In the room there were 2 coffee tables, 2 armchairs a cupboard and 2 wardrobes ``<\/p><\/div><div class='testimonial'><h4 class='testimonial-title'>Radu<\/h4><p>``Localizarea - foarte aproape de centru (10 min mers pe jos). Cafea si ceai din partea casei``<\/p><\/div><div class='testimonial'><h4 class='testimonial-title'><\/h4><p>``Amplasarea hotelului este una foarte buna. Baia este curata si draguta. Camera a fost destul de spatioasa si comoda. Mi-a placut foarte mult ca a fost caldura si in baie, si in camera``<\/p><\/div><div class='testimonial'><h4 class='testimonial-title'><\/h4><p>``Very nice receptionist, large room, free coffe, smoking area in the backyard, 5 min walk from the touristic area. You can buy one day stay park tickets in the hotel, very convenient since otherwise you need a local phone number or a large amount of coins for city parking fees``<\/p><\/div><div class='testimonial'><h4 class='testimonial-title'><\/h4><p>``Coffee and tea in the common kitchen, nice view from the common terrace - good eating spot \ud83d\ude42 Big room, a lot of space to place bags etc. Walkable distance to the centre.``<\/p><\/div><div class='testimonial'><h4 class='testimonial-title'><\/h4><p>``We got the suite, the size of the room was huge and two bathrooms!! Location is perfect! Nice staff and very clean. Comfortable beds! Highly recommend!``<\/p><\/div><div class='testimonial'><h4 class='testimonial-title'><\/h4><p>``The staff was extremely helpful and spoke good English. The room was very nice- we had a suite. The old town was very walkable from our room, and an excellent restaurant was right around the corner``<\/p><\/div><div class='testimonial'><h4 class='testimonial-title'>Ioana<\/h4><p>``Everyone that works here is very friendly and eager to help. The girls at the front desk will call you a cab, recommend things to see and store your bags behind the desk when you arrive early``<\/p><\/div><div class='testimonial'><h4 class='testimonial-title'><\/h4><p>``I enjoyed the residential feeling and sense of privacy. The shower was in great condition. Friendly staff as well``<\/p><\/div><\/div>[\/vc_column][\/vc_row][vc_row css=&#8221;.vc_custom_1476024561757{margin-top: -100px !important;margin-bottom: -400px !important;}&#8221;][vc_column][vc_separator color=&#8221;custom&#8221; border_width=&#8221;2&#8243; accent_color=&#8221;#542f00&#8243; css=&#8221;.vc_custom_1475179844237{margin-top: -60px !important;}&#8221;][\/vc_column][\/vc_row][vc_row css=&#8221;.vc_custom_1480533354575{margin-top: -210px !important;margin-bottom: -50px !important;}&#8221;][vc_column width=&#8221;1\/6&#8243;][\/vc_column][vc_column width=&#8221;2\/3&#8243;][vc_column_text]<div class=\"epyt-video-wrapper\"><iframe loading=\"lazy\"  style=\"display: block; margin: 0px auto;\"  id=\"_ytid_37942\"  width=\"750\" height=\"422\"  data-origwidth=\"750\" data-origheight=\"422\" src=\"https:\/\/www.youtube.com\/embed\/FSZf2EQuh6Y?enablejsapi=1&origin=https:\/\/vila.vilaambient.ro&autoplay=0&cc_load_policy=0&cc_lang_pref=&iv_load_policy=3&loop=0&rel=0&fs=1&playsinline=0&autohide=2&theme=dark&color=red&controls=1&\" class=\"__youtube_prefs__  no-lazyload\" title=\"YouTube player\"  allow=\"fullscreen; accelerometer; autoplay; clipboard-write; encrypted-media; gyroscope; picture-in-picture\" allowfullscreen data-no-lazy=\"1\" data-skipgform_ajax_framebjll=\"\"><\/iframe><\/div>[\/vc_column_text][\/vc_column][vc_column width=&#8221;1\/6&#8243;][\/vc_column][\/vc_row][vc_row][vc_column][vc_column_text][\/vc_column_text][\/vc_column][\/vc_row]<\/p>","protected":false},"excerpt":{"rendered":"<p>[vc_row disable_element=&#8221;yes&#8221; position=&#8221;right center&#8221; css=&#8221;.vc_custom_1475179770387{background-image: url(https:\/\/vila.vilaambient.ro\/wp-content\/uploads\/2016\/09\/Detallev002.png?id=247) !important;background-position: 0 0 !important;background-repeat: no-repeat !important;}&#8221; el_class=&#8221;background-none-mobile&#8221;][vc_column width=&#8221;1\/2&#8243;][vc_column_text] Five star hotel services with the [&hellip;]<\/p>\n","protected":false},"author":3,"featured_media":0,"parent":0,"menu_order":3,"comment_status":"closed","ping_status":"closed","template":"","meta":{"footnotes":""},"yst_prominent_words":[],"class_list":["post-11","page","type-page","status-publish","hentry"],"yoast_head":"<!-- This site is optimized with the Yoast SEO Premium plugin v14.0.2 - https:\/\/yoast.com\/wordpress\/plugins\/seo\/ -->\n<title>Services - Ambient Villa - Brasov - Book at the best Price for Ambient properties<\/title>\n<meta name=\"robots\" content=\"index, follow\" \/>\n<meta name=\"googlebot\" content=\"index, follow, max-snippet:-1, max-image-preview:large, max-video-preview:-1\" \/>\n<meta name=\"bingbot\" content=\"index, follow, max-snippet:-1, max-image-preview:large, max-video-preview:-1\" \/>\n<link rel=\"canonical\" href=\"https:\/\/vila.vilaambient.ro\/hotel-services\/\" \/>\n<meta property=\"og:locale\" content=\"en_US\" \/>\n<meta property=\"og:type\" content=\"article\" \/>\n<meta property=\"og:title\" content=\"[:ro]Servicii[:en]Services[:es]Servicios[:de]Service[:] - Ambient Villa - Brasov - Book at the best Price for Ambient properties\" \/>\n<meta property=\"og:description\" content=\"[vc_row disable_element=&#8221;yes&#8221; position=&#8221;right center&#8221; css=&#8221;.vc_custom_1475179770387{background-image: url(https:\/\/vila.vilaambient.ro\/wp-content\/uploads\/2016\/09\/Detallev002.png?id=247) !important;background-position: 0 0 !important;background-repeat: no-repeat !important;}&#8221; el_class=&#8221;background-none-mobile&#8221;][vc_column width=&#8221;1\/2&#8243;][vc_column_text] Five star hotel services with the [&hellip;]\" \/>\n<meta property=\"og:url\" content=\"https:\/\/vila.vilaambient.ro\/hotel-services\/\" \/>\n<meta property=\"og:site_name\" content=\"Ambient Villa - Brasov - Book at the best Price for Ambient properties\" \/>\n<meta property=\"article:modified_time\" content=\"2023-08-29T23:44:00+00:00\" \/>\n<meta name=\"twitter:card\" content=\"summary_large_image\" \/>\n<script type=\"application\/ld+json\" class=\"yoast-schema-graph\">{\"@context\":\"https:\/\/schema.org\",\"@graph\":[{\"@type\":\"WebSite\",\"@id\":\"https:\/\/vila.vilaambient.ro\/en\/#website\",\"url\":\"https:\/\/vila.vilaambient.ro\/en\/\",\"name\":\"Ambient Villa - Brasov - Book at the best Price for Ambient properties\",\"description\":\"Official Site\",\"potentialAction\":[{\"@type\":\"SearchAction\",\"target\":\"https:\/\/vila.vilaambient.ro\/en\/?s={search_term_string}\",\"query-input\":\"required name=search_term_string\"}],\"inLanguage\":\"en-US\"},{\"@type\":\"WebPage\",\"@id\":\"https:\/\/vila.vilaambient.ro\/hotel-services\/#webpage\",\"url\":\"https:\/\/vila.vilaambient.ro\/hotel-services\/\",\"name\":\"[:ro]Servicii[:en]Services[:es]Servicios[:de]Service[:] - Ambient Villa - Brasov - Book at the best Price for Ambient properties\",\"isPartOf\":{\"@id\":\"https:\/\/vila.vilaambient.ro\/en\/#website\"},\"datePublished\":\"2016-09-25T13:32:23+00:00\",\"dateModified\":\"2023-08-29T23:44:00+00:00\",\"inLanguage\":\"en-US\",\"potentialAction\":[{\"@type\":\"ReadAction\",\"target\":[\"https:\/\/vila.vilaambient.ro\/hotel-services\/\"]}]}]}<\/script>\n<!-- \/ Yoast SEO Premium plugin. -->","_links":{"self":[{"href":"https:\/\/vila.vilaambient.ro\/en\/wp-json\/wp\/v2\/pages\/11","targetHints":{"allow":["GET"]}}],"collection":[{"href":"https:\/\/vila.vilaambient.ro\/en\/wp-json\/wp\/v2\/pages"}],"about":[{"href":"https:\/\/vila.vilaambient.ro\/en\/wp-json\/wp\/v2\/types\/page"}],"author":[{"embeddable":true,"href":"https:\/\/vila.vilaambient.ro\/en\/wp-json\/wp\/v2\/users\/3"}],"replies":[{"embeddable":true,"href":"https:\/\/vila.vilaambient.ro\/en\/wp-json\/wp\/v2\/comments?post=11"}],"version-history":[{"count":106,"href":"https:\/\/vila.vilaambient.ro\/en\/wp-json\/wp\/v2\/pages\/11\/revisions"}],"predecessor-version":[{"id":1826,"href":"https:\/\/vila.vilaambient.ro\/en\/wp-json\/wp\/v2\/pages\/11\/revisions\/1826"}],"wp:attachment":[{"href":"https:\/\/vila.vilaambient.ro\/en\/wp-json\/wp\/v2\/media?parent=11"}],"wp:term":[{"taxonomy":"yst_prominent_words","embeddable":true,"href":"https:\/\/vila.vilaambient.ro\/en\/wp-json\/wp\/v2\/yst_prominent_words?post=11"}],"curies":[{"name":"wp","href":"https:\/\/api.w.org\/{rel}","templated":true}]}}